{"id":1266,"date":"2021-12-07T18:06:13","date_gmt":"2021-12-07T17:06:13","guid":{"rendered":"https:\/\/www.sorainstyles.com\/boutique\/produit\/lake-red-w92\/"},"modified":"2025-10-15T10:09:57","modified_gmt":"2025-10-15T08:09:57","slug":"lake-red-w92","status":"publish","type":"product","link":"https:\/\/www.sorainstyles.com\/boutique\/produit\/lake-red-w92\/","title":{"rendered":"Lake Red W92"},"content":{"rendered":"<h1>Archive Collection : Lake Red &#8211; No.W92 de chez Farrow &amp; Ball<\/h1>\n<h2>Un rouge audacieux et frais<\/h2>\n<p>Cette couleur audacieuse para\u00eet <a href=\"https:\/\/www.cotemaison.fr\/inspirations\/mettre-la-couleur-rouge-dans-la-deco-pourquoi-c-est-une-mauvaise-idee_22645.html\" target=\"_blank\" rel=\"noopener\">rouge<\/a> pour certains et rose pour d\u2019autres. En revanche, elle cr\u00e9e toujours une atmosph\u00e8re pleine de joie et de vitalit\u00e9. Fantastique dans les petits espaces, la teinte No.W92 &#8211; Lake Red est dynamique et \u00e9nergisante quand elle est appliqu\u00e9e sur les murs, les boiseries et les plafonds, et elle est magnifique \u00e0 l\u2019int\u00e9rieur des armoires.<\/p>\n<p>Primer &amp; Undercoat recommand\u00e9e: <a href=\"https:\/\/www.sorainstyles.com\/boutique\/categorie-produit\/appret-sous-couches\/red-and-warm-tones\/\" target=\"_blank\" rel=\"noopener\">Red and Warm Tones<\/a><\/p>\n<p>Blanc compl\u00e9mentaire : <a href=\"https:\/\/www.sorainstyles.com\/boutique\/produit\/skimmed-milk-white-w7\/\" target=\"_blank\" rel=\"noopener\">Skimmed Milk White<\/a><\/p>\n<h3>5 exemples d&rsquo;harmonies de couleurs avec la teinte Lake Red &#8211; No.W92<\/h3>\n<ul>\n<li>All White No.2005 &#8211; Wevet No.273<\/li>\n<li>Elephant&rsquo;s Breath No.229 &#8211; Charleston Gray No.243<\/li>\n<li>Vardo No.288 &#8211; Babouche No.223<\/li>\n<li>Paean Black No.294 &#8211; Brinjal No.222<\/li>\n<li>Imperial Purple No.W40 &#8211; Ash Grey No.W9<\/li>\n<\/ul>\n<h3>Information produit<\/h3>\n<h4>A base d&rsquo;eau et sans danger pour les enfants<\/h4>\n<p>En 2010, Farrow &amp; Ball a \u00e9t\u00e9 les premiers du secteur \u00e0 passer \u00e0 une gamme de finitions \u00e9labor\u00e9es enti\u00e8rement \u00e0 base d\u2019eau. En effet, ces finitions \u00e0 faible teneur en COV et pratiquement sans odeur sont faciles \u00e0 nettoyer sans recourir \u00e0 des solvants nocifs.<\/p>\n<h4>Finitions de qualit\u00e9<\/h4>\n<p>Tout d&rsquo;abord, chacune de nos couleurs est disponible dans une gamme de finitions de peinture d\u2019int\u00e9rieur et d\u2019ext\u00e9rieur. Ensuite, chaque finition est test\u00e9e de mani\u00e8re rigoureuse pour garantir un fini durable et une profondeur de couleur exceptionnelle. Enfin, pour obtenir les meilleurs r\u00e9sultats, nous recommandons toujours d\u2019utiliser une Impression &amp; Sous-couche Farrow &amp; Ball &#8211; voir plus haut pour trouver la tonalit\u00e9 de couleur exacte pour cette peinture.<\/p>\n","protected":false},"excerpt":{"rendered":"<h3>Un rouge audacieux et frais<\/h3>\n<p>Cette couleur audacieuse, qui peut sembler rouge ou rose selon les perceptions, infuse toujours une atmosph\u00e8re joyeuse et vivante. Id\u00e9ale pour les petits espaces, elle apporte dynamisme et \u00e9nergie lorsqu\u2019elle est appliqu\u00e9e sur les murs, les boiserie ou les plafonds.<\/p>\n<p>Sous-couche recommand\u00e9e : <a href=\"https:\/\/www.sorainstyles.com\/boutique\/categorie-produit\/appret-sous-couches\/red-and-warm-tones\/\" target=\"_blank\" rel=\"noopener\">Red and Warm Tones<\/a><\/p>\n","protected":false},"featured_media":14129,"template":"","meta":{"_acf_changed":false,"_et_pb_use_builder":"","_et_pb_old_content":"","_et_gb_content_width":""},"product_brand":[],"product_cat":[343,98,81,110,361],"product_tag":[406,371,366,457,362,351,458],"class_list":{"0":"post-1266","1":"product","2":"type-product","3":"status-publish","4":"has-post-thumbnail","6":"product_cat-archive","7":"product_cat-moyen","8":"product_cat-peintures-de-finition","9":"product_cat-rouge","10":"product_cat-transitoire","11":"product_tag-couleur","12":"product_tag-farrow","13":"product_tag-farrowball","14":"product_tag-lake-red","15":"product_tag-peinture","16":"product_tag-rouge","17":"product_tag-w92","19":"first","20":"instock","21":"taxable","22":"shipping-taxable","23":"purchasable","24":"product-type-variable"},"acf":[],"_links":{"self":[{"href":"https:\/\/www.sorainstyles.com\/boutique\/wp-json\/wp\/v2\/product\/1266","targetHints":{"allow":["GET"]}}],"collection":[{"href":"https:\/\/www.sorainstyles.com\/boutique\/wp-json\/wp\/v2\/product"}],"about":[{"href":"https:\/\/www.sorainstyles.com\/boutique\/wp-json\/wp\/v2\/types\/product"}],"wp:featuredmedia":[{"embeddable":true,"href":"https:\/\/www.sorainstyles.com\/boutique\/wp-json\/wp\/v2\/media\/14129"}],"wp:attachment":[{"href":"https:\/\/www.sorainstyles.com\/boutique\/wp-json\/wp\/v2\/media?parent=1266"}],"wp:term":[{"taxonomy":"product_brand","embeddable":true,"href":"https:\/\/www.sorainstyles.com\/boutique\/wp-json\/wp\/v2\/product_brand?post=1266"},{"taxonomy":"product_cat","embeddable":true,"href":"https:\/\/www.sorainstyles.com\/boutique\/wp-json\/wp\/v2\/product_cat?post=1266"},{"taxonomy":"product_tag","embeddable":true,"href":"https:\/\/www.sorainstyles.com\/boutique\/wp-json\/wp\/v2\/product_tag?post=1266"}],"curies":[{"name":"wp","href":"https:\/\/api.w.org\/{rel}","templated":true}]}}