{"id":1257,"date":"2021-12-07T18:06:10","date_gmt":"2021-12-07T17:06:10","guid":{"rendered":"https:\/\/www.sorainstyles.com\/boutique\/produit\/sap-green-w56\/"},"modified":"2025-10-19T17:03:50","modified_gmt":"2025-10-19T15:03:50","slug":"sap-green-199","status":"publish","type":"product","link":"https:\/\/www.sorainstyles.com\/boutique\/produit\/sap-green-199\/","title":{"rendered":"Sap Green 199"},"content":{"rendered":"<h1>Sap Green &#8211; No.199 de chez Farrow &amp; Ball<\/h1>\n<h2>Un v\u00e9ritable vert terreux<\/h2>\n<p>Ce vert organique est un v\u00e9ritable reflet de la nature qui cr\u00e9e une atmosph\u00e8re douce et agr\u00e9able \u00e0 vivre en combinaison avec Broccoli Brown et Duck Green. Appliqu\u00e9 dans de petits espaces, comme un hall d\u2019entr\u00e9e ou un porche, la teinte No.W56 &#8211; Sap Green cr\u00e9e une atmosph\u00e8re plus riche et plus vivante.<\/p>\n<p>Primer &amp; Undercoat recommand\u00e9e: <a href=\"https:\/\/www.sorainstyles.com\/boutique\/categorie-produit\/appret-sous-couches\/mid-tones\/\" target=\"_blank\" rel=\"noopener\">Mid Tones<\/a><\/p>\n<p>Blanc compl\u00e9mentaire : <a href=\"https:\/\/www.sorainstyles.com\/boutique\/produit\/skimmed-milk-white-w7\/\" target=\"_blank\" rel=\"noopener\">Skimmed Milk White<\/a><\/p>\n<h3>6 exemples d&rsquo;harmonies de couleurs avec la teinte Sap Green &#8211; No.199<\/h3>\n<ul>\n<li>James White No.2010 &#8211; Ash Grey No.W9<\/li>\n<li>Lime White No.1 &#8211; Old White No.4<\/li>\n<li>Oxford Stone No.264 &#8211; Salon Drab No.290<\/li>\n<li>Deep Reddish Brown No.W101 &#8211; Studio Green No.93<\/li>\n<li>Ash Grey No.W9 &#8211; Deep Reddish Brown No.W101<\/li>\n<li>Broccoli Brown No.W108 &#8211; Duck Green No.W55<\/li>\n<\/ul>\n<h3>Information produit<\/h3>\n<h4>A base d&rsquo;eau et sans danger pour les enfants<\/h4>\n<p>En 2010, Farrow &amp; Ball a \u00e9t\u00e9 les premiers du secteur \u00e0 passer \u00e0 une gamme de finitions \u00e9labor\u00e9es enti\u00e8rement \u00e0 base d\u2019eau. En effet, ces finitions \u00e0 faible teneur en COV et pratiquement sans odeur sont faciles \u00e0 nettoyer sans recourir \u00e0 des solvants nocifs.<\/p>\n<h4>Finitions de qualit\u00e9<\/h4>\n<p>Tout d&rsquo;abord, chacune de nos couleurs est disponible dans une gamme de finitions de peinture d\u2019int\u00e9rieur et d\u2019ext\u00e9rieur. Ensuite, chaque finition est test\u00e9e de mani\u00e8re rigoureuse pour garantir un fini durable et une profondeur de couleur exceptionnelle. Enfin, pour obtenir les meilleurs r\u00e9sultats, nous recommandons toujours d\u2019utiliser une Impression &amp; Sous-couche Farrow &amp; Ball &#8211; voir plus haut pour trouver la tonalit\u00e9 de couleur exacte pour cette peinture.<\/p>\n","protected":false},"excerpt":{"rendered":"<h3>Un v\u00e9ritable vert terreux<\/h3>\n<p>Ce vert organique, inspir\u00e9 de la nature, cr\u00e9e une atmosph\u00e8re douce et agr\u00e9able, et apporte une touche riche et vivante aux petits espaces.<\/p>\n<p>Sous-couche recommand\u00e9e : <a href=\"https:\/\/www.sorainstyles.com\/boutique\/categorie-produit\/appret-sous-couches\/mid-tones\/\" target=\"_blank\" rel=\"noopener\">Mid Tones<\/a><\/p>\n","protected":false},"featured_media":14318,"template":"","meta":{"_acf_changed":false,"_et_pb_use_builder":"","_et_pb_old_content":"","_et_gb_content_width":""},"product_brand":[],"product_cat":[143,81,92],"product_tag":[406,371,366,362,461,350,462],"class_list":{"0":"post-1257","1":"product","2":"type-product","3":"status-publish","4":"has-post-thumbnail","6":"product_cat-nuancier-actuel","7":"product_cat-peintures-de-finition","8":"product_cat-vert","9":"product_tag-couleur","10":"product_tag-farrow","11":"product_tag-farrowball","12":"product_tag-peinture","13":"product_tag-sap-green","14":"product_tag-vert","15":"product_tag-w56","17":"first","18":"instock","19":"taxable","20":"shipping-taxable","21":"purchasable","22":"product-type-variable"},"acf":[],"_links":{"self":[{"href":"https:\/\/www.sorainstyles.com\/boutique\/wp-json\/wp\/v2\/product\/1257","targetHints":{"allow":["GET"]}}],"collection":[{"href":"https:\/\/www.sorainstyles.com\/boutique\/wp-json\/wp\/v2\/product"}],"about":[{"href":"https:\/\/www.sorainstyles.com\/boutique\/wp-json\/wp\/v2\/types\/product"}],"wp:featuredmedia":[{"embeddable":true,"href":"https:\/\/www.sorainstyles.com\/boutique\/wp-json\/wp\/v2\/media\/14318"}],"wp:attachment":[{"href":"https:\/\/www.sorainstyles.com\/boutique\/wp-json\/wp\/v2\/media?parent=1257"}],"wp:term":[{"taxonomy":"product_brand","embeddable":true,"href":"https:\/\/www.sorainstyles.com\/boutique\/wp-json\/wp\/v2\/product_brand?post=1257"},{"taxonomy":"product_cat","embeddable":true,"href":"https:\/\/www.sorainstyles.com\/boutique\/wp-json\/wp\/v2\/product_cat?post=1257"},{"taxonomy":"product_tag","embeddable":true,"href":"https:\/\/www.sorainstyles.com\/boutique\/wp-json\/wp\/v2\/product_tag?post=1257"}],"curies":[{"name":"wp","href":"https:\/\/api.w.org\/{rel}","templated":true}]}}