{"id":1255,"date":"2021-12-07T18:06:05","date_gmt":"2021-12-07T17:06:05","guid":{"rendered":"https:\/\/www.sorainstyles.com\/boutique\/produit\/duck-green-w55\/"},"modified":"2025-10-15T10:13:13","modified_gmt":"2025-10-15T08:13:13","slug":"duck-green-w55","status":"publish","type":"product","link":"https:\/\/www.sorainstyles.com\/boutique\/produit\/duck-green-w55\/","title":{"rendered":"Duck Green W55"},"content":{"rendered":"<h1>Archive Collection : Duck Green No.W55 de chez Farrow &amp; Ball<\/h1>\n<h2>Un vert profond distingu\u00e9<\/h2>\n<p>Nomm\u00e9 d\u2019apr\u00e8s le vert profond du plumage du colvert, la teinte No.W55 &#8211; Duck Green \u00e9voque merveilleusement les couleurs sublimes de la <a href=\"https:\/\/www.cotemaison.fr\/bois-nature\/\" target=\"_blank\" rel=\"noopener\">nature<\/a>. Intense mais doux, il offre une alternative contemporaine aux nuances anthracites dans les logements modernes et forme une association chaleureuse et accueillante avec des boiseries en Deep Reddish Brown.<\/p>\n<p>Primer &amp; Undercoat recommand\u00e9e: <a href=\"https:\/\/www.sorainstyles.com\/boutique\/categorie-produit\/appret-sous-couches\/dark-tones\/\" target=\"_blank\" rel=\"noopener\">Dark Tones<\/a><\/p>\n<p>Blanc compl\u00e9mentaire :\u00a0<a href=\"https:\/\/www.sorainstyles.com\/boutique\/produit\/ash-grey-w9\/\" target=\"_blank\" rel=\"noopener\">Ash Grey<\/a><\/p>\n<h3>6 exemples d&rsquo;harmonies de couleurs avec la teinte Duck Green &#8211; No.W55<\/h3>\n<ul>\n<li>Skimmed Milk White No.W7 &#8211; Ash Grey No.W9<\/li>\n<li>Joa&rsquo;s White No.226 &#8211; Jitney No.293<\/li>\n<li>Oval Room Blue No.85 &#8211; Yeabridge Green No.287<\/li>\n<li>Deep Reddish Brown No.W101 &#8211; Titmouse Blue No.W24<\/li>\n<li>Snow White No.W1 &#8211; Lake Red No.W92<\/li>\n<li>Ash Grey No.W9 &#8211; Crimson Red No.W93<\/li>\n<\/ul>\n<h3>Information produit<\/h3>\n<h4>A base d&rsquo;eau et sans danger pour les enfants<\/h4>\n<p>En 2010, Farrow &amp; Ball a \u00e9t\u00e9 les premiers du secteur \u00e0 passer \u00e0 une gamme de finitions \u00e9labor\u00e9es enti\u00e8rement \u00e0 base d\u2019eau. En effet, ces finitions \u00e0 faible teneur en COV et pratiquement sans odeur sont faciles \u00e0 nettoyer sans recourir \u00e0 des solvants nocifs.<\/p>\n<h4>Finitions de qualit\u00e9<\/h4>\n<p>Tout d&rsquo;abord, chacune de nos couleurs est disponible dans une gamme de finitions de peinture d\u2019int\u00e9rieur et d\u2019ext\u00e9rieur. Ensuite, chaque finition est test\u00e9e de mani\u00e8re rigoureuse pour garantir un fini durable et une profondeur de couleur exceptionnelle. Enfin, pour obtenir les meilleurs r\u00e9sultats, nous recommandons toujours d\u2019utiliser une Impression &amp; Sous-couche Farrow &amp; Ball &#8211; voir plus haut pour trouver la tonalit\u00e9 de couleur exacte pour cette peinture.<\/p>\n","protected":false},"excerpt":{"rendered":"<h3>Un vert profond distingu\u00e9<\/h3>\n<p>Duck Green, inspir\u00e9 par le vert profond du plumage du colvert, est une couleur intense mais qui reste tout de m\u00eame douce.<\/p>\n<p>Sous-couche recommand\u00e9e : <a href=\"https:\/\/www.sorainstyles.com\/boutique\/categorie-produit\/appret-sous-couches\/dark-tones\/\" target=\"_blank\" rel=\"noopener\">Dark Tones<\/a><\/p>\n","protected":false},"featured_media":14034,"template":"","meta":{"_acf_changed":false,"_et_pb_use_builder":"","_et_pb_old_content":"","_et_gb_content_width":""},"product_brand":[],"product_cat":[343,341,81,361,92],"product_tag":[406,453,371,366,362,350,454],"class_list":{"0":"post-1255","1":"product","2":"type-product","3":"status-publish","4":"has-post-thumbnail","6":"product_cat-archive","7":"product_cat-fonce-luminosite","8":"product_cat-peintures-de-finition","9":"product_cat-transitoire","10":"product_cat-vert","11":"product_tag-couleur","12":"product_tag-duck-green","13":"product_tag-farrow","14":"product_tag-farrowball","15":"product_tag-peinture","16":"product_tag-vert","17":"product_tag-w55","19":"first","20":"instock","21":"taxable","22":"shipping-taxable","23":"purchasable","24":"product-type-variable"},"acf":[],"_links":{"self":[{"href":"https:\/\/www.sorainstyles.com\/boutique\/wp-json\/wp\/v2\/product\/1255","targetHints":{"allow":["GET"]}}],"collection":[{"href":"https:\/\/www.sorainstyles.com\/boutique\/wp-json\/wp\/v2\/product"}],"about":[{"href":"https:\/\/www.sorainstyles.com\/boutique\/wp-json\/wp\/v2\/types\/product"}],"wp:featuredmedia":[{"embeddable":true,"href":"https:\/\/www.sorainstyles.com\/boutique\/wp-json\/wp\/v2\/media\/14034"}],"wp:attachment":[{"href":"https:\/\/www.sorainstyles.com\/boutique\/wp-json\/wp\/v2\/media?parent=1255"}],"wp:term":[{"taxonomy":"product_brand","embeddable":true,"href":"https:\/\/www.sorainstyles.com\/boutique\/wp-json\/wp\/v2\/product_brand?post=1255"},{"taxonomy":"product_cat","embeddable":true,"href":"https:\/\/www.sorainstyles.com\/boutique\/wp-json\/wp\/v2\/product_cat?post=1255"},{"taxonomy":"product_tag","embeddable":true,"href":"https:\/\/www.sorainstyles.com\/boutique\/wp-json\/wp\/v2\/product_tag?post=1255"}],"curies":[{"name":"wp","href":"https:\/\/api.w.org\/{rel}","templated":true}]}}