{"id":1253,"date":"2021-12-07T18:06:04","date_gmt":"2021-12-07T17:06:04","guid":{"rendered":"https:\/\/www.sorainstyles.com\/boutique\/produit\/emerald-green-w53\/"},"modified":"2025-10-19T16:47:50","modified_gmt":"2025-10-19T14:47:50","slug":"emerald-green-w53","status":"publish","type":"product","link":"https:\/\/www.sorainstyles.com\/boutique\/produit\/emerald-green-w53\/","title":{"rendered":"Emerald Green W53"},"content":{"rendered":"<h1>Archive Collection : Emerald Green &#8211; No.W53 de chez Farrow &amp; Ball<\/h1>\n<h2>Un vert lumineux et simple<\/h2>\n<p>La teinte No.W53 &#8211; Emerald Green est facile \u00e0 utiliser dans toutes sortes d\u2019int\u00e9rieurs. Il cr\u00e9e des pi\u00e8ces \u00e0 l\u2019atmosph\u00e8re \u00e0 la fois joyeuse et \u00e9l\u00e9gante. Cette magnifique teinte pr\u00e9cieuse se marie parfaitement \u00e0 des combinaisons de <a href=\"https:\/\/www.cotemaison.fr\/couleurs\/diaporama\/decorer-par-la-couleur-17-exemples-reussis_34052.html\" target=\"_blank\" rel=\"noopener\">couleurs fortes<\/a>, notamment \u00e0 Lake Red et Ultra Marine Blue, pour un parfait \u00e9quilibre entre \u00e9nergie et apaisement.<\/p>\n<p>Primer &amp; Undercoat recommand\u00e9e: <a href=\"https:\/\/www.sorainstyles.com\/boutique\/categorie-produit\/appret-sous-couches\/mid-tones\/\" target=\"_blank\" rel=\"noopener\">Mid Tones<\/a><\/p>\n<p>Blanc compl\u00e9mentaire : <a href=\"https:\/\/www.sorainstyles.com\/boutique\/produit\/snow-white-w1\/\" target=\"_blank\" rel=\"noopener\">Snow White<\/a><\/p>\n<h3>5 exemples d&rsquo;harmonies de couleurs avec la teinte Emerald Green &#8211; No.W53<\/h3>\n<ul>\n<li>Slipper Satin No.2004 &#8211; Off-White No.3<\/li>\n<li>Cooking Apple Green No.32 &#8211; Setting Plaster No.231<\/li>\n<li>JItney No.293 &#8211; Calke Green No.34<\/li>\n<li>Hague Blue No.30 &#8211; Preference Red No.297<\/li>\n<li>Snow White No.W1 &#8211; Titmouse Blue No.W24<\/li>\n<\/ul>\n<h3>Information produit<\/h3>\n<h4>A base d&rsquo;eau et sans danger pour les enfants<\/h4>\n<p>En 2010, Farrow &amp; Ball a \u00e9t\u00e9 les premiers du secteur \u00e0 passer \u00e0 une gamme de finitions \u00e9labor\u00e9es enti\u00e8rement \u00e0 base d\u2019eau. En effet, ces finitions \u00e0 faible teneur en COV et pratiquement sans odeur sont faciles \u00e0 nettoyer sans recourir \u00e0 des solvants nocifs.<\/p>\n<h4>Finitions de qualit\u00e9<\/h4>\n<p>Tout d&rsquo;abord, chacune de nos couleurs est disponible dans une gamme de finitions de peinture d\u2019int\u00e9rieur et d\u2019ext\u00e9rieur. Ensuite, chaque finition est test\u00e9e de mani\u00e8re rigoureuse pour garantir un fini durable et une profondeur de couleur exceptionnelle. Enfin, pour obtenir les meilleurs r\u00e9sultats, nous recommandons toujours d\u2019utiliser une Impression &amp; Sous-couche Farrow &amp; Ball &#8211; voir plus haut pour trouver la tonalit\u00e9 de couleur exacte pour cette peinture.<\/p>\n<p>&nbsp;<\/p>\n","protected":false},"excerpt":{"rendered":"<h3>Un vert lumineux et simple<\/h3>\n<p>Emerald Green, une teinte pr\u00e9cieuse et polyvalente, apporte une ambiance joyeuse et \u00e9l\u00e9gante \u00e0 tout int\u00e9rieur, et s&rsquo;harmonise parfaitement avec des couleurs fortes pour un \u00e9quilibre parfait entre \u00e9nergie et apaisement.<\/p>\n<p>Sous-couche recommand\u00e9e : <a href=\"https:\/\/www.sorainstyles.com\/boutique\/categorie-produit\/appret-sous-couches\/mid-tones\/\" target=\"_blank\" rel=\"noopener\">Mid Tones<\/a><\/p>\n","protected":false},"featured_media":14083,"template":"","meta":{"_acf_changed":false,"_et_pb_use_builder":"","_et_pb_old_content":"","_et_gb_content_width":""},"product_brand":[],"product_cat":[343,98,81,361,92],"product_tag":[406,447,371,366,362,350,448],"class_list":{"0":"post-1253","1":"product","2":"type-product","3":"status-publish","4":"has-post-thumbnail","6":"product_cat-archive","7":"product_cat-moyen","8":"product_cat-peintures-de-finition","9":"product_cat-transitoire","10":"product_cat-vert","11":"product_tag-couleur","12":"product_tag-emerald-green","13":"product_tag-farrow","14":"product_tag-farrowball","15":"product_tag-peinture","16":"product_tag-vert","17":"product_tag-w53","19":"first","20":"instock","21":"taxable","22":"shipping-taxable","23":"purchasable","24":"product-type-variable"},"acf":[],"_links":{"self":[{"href":"https:\/\/www.sorainstyles.com\/boutique\/wp-json\/wp\/v2\/product\/1253","targetHints":{"allow":["GET"]}}],"collection":[{"href":"https:\/\/www.sorainstyles.com\/boutique\/wp-json\/wp\/v2\/product"}],"about":[{"href":"https:\/\/www.sorainstyles.com\/boutique\/wp-json\/wp\/v2\/types\/product"}],"wp:featuredmedia":[{"embeddable":true,"href":"https:\/\/www.sorainstyles.com\/boutique\/wp-json\/wp\/v2\/media\/14083"}],"wp:attachment":[{"href":"https:\/\/www.sorainstyles.com\/boutique\/wp-json\/wp\/v2\/media?parent=1253"}],"wp:term":[{"taxonomy":"product_brand","embeddable":true,"href":"https:\/\/www.sorainstyles.com\/boutique\/wp-json\/wp\/v2\/product_brand?post=1253"},{"taxonomy":"product_cat","embeddable":true,"href":"https:\/\/www.sorainstyles.com\/boutique\/wp-json\/wp\/v2\/product_cat?post=1253"},{"taxonomy":"product_tag","embeddable":true,"href":"https:\/\/www.sorainstyles.com\/boutique\/wp-json\/wp\/v2\/product_tag?post=1253"}],"curies":[{"name":"wp","href":"https:\/\/api.w.org\/{rel}","templated":true}]}}