{"id":1251,"date":"2021-12-07T18:06:03","date_gmt":"2021-12-07T17:06:03","guid":{"rendered":"https:\/\/www.sorainstyles.com\/boutique\/produit\/verdigris-green-w50\/"},"modified":"2025-10-19T16:49:08","modified_gmt":"2025-10-19T14:49:08","slug":"verdigris-green-w50","status":"publish","type":"product","link":"https:\/\/www.sorainstyles.com\/boutique\/produit\/verdigris-green-w50\/","title":{"rendered":"Verdigris Green W50"},"content":{"rendered":"<h1>Archive Collection : Verdigris Green &#8211; No.W50 de chez Farrow &amp; Ball<\/h1>\n<h2>Un \u00e9l\u00e9gant vert cuivr\u00e9<\/h2>\n<p>Joyeux et dynamique au premier regard, la teinte No.W50 &#8211; Verdigris Green apporte une atmosph\u00e8re rassurante et \u00e9l\u00e9gante quand elle est utilis\u00e9 dans un int\u00e9rieur. Un riche m\u00e9lange de pigments lui permet d\u2019appara\u00eetre plus dynamique lorsqu\u2019il est associ\u00e9 \u00e0 des teintes plus claires au contraire des plus <a href=\"https:\/\/www.cotemaison.fr\/atelier-deco\/couleurs-sombres-nos-conseils-deco-peinture-papier-peint_19867.html\" target=\"_blank\" rel=\"noopener\">sombres<\/a>. Dutch Orange ou Lake Red font ressortir, quant \u00e0 eux, sa vitalit\u00e9.<\/p>\n<p>Primer &amp; Undercoat recommand\u00e9e: <a href=\"https:\/\/www.sorainstyles.com\/boutique\/categorie-produit\/appret-sous-couches\/mid-tones\/\" target=\"_blank\" rel=\"noopener\">Mid Tones<\/a><\/p>\n<p>Blanc compl\u00e9mentaire : <a href=\"https:\/\/www.sorainstyles.com\/boutique\/produit\/snow-white-w1\/\" target=\"_blank\" rel=\"noopener\">Snow White<\/a><\/p>\n<h3>3 exemples d&rsquo;harmonies de couleurs avec la teinte Verdigris Green &#8211; No.W50<\/h3>\n<ul>\n<li>Wevet No.273 &#8211; Dimpse No.277<\/li>\n<li>Pointing No.2003 &#8211; Bone No.15<\/li>\n<li>Orange Coloured White No.W5 &#8211; Lake Red No.W92<\/li>\n<\/ul>\n<h3>Information produit<\/h3>\n<p>A base d&rsquo;eau et sans danger pour les enfants<\/p>\n<p>En 2010, Farrow &amp; Ball a \u00e9t\u00e9 les premiers du secteur \u00e0 passer \u00e0 une gamme de finitions \u00e9labor\u00e9es enti\u00e8rement \u00e0 base d\u2019eau. En effet, ces finitions \u00e0 faible teneur en COV et pratiquement sans odeur sont faciles \u00e0 nettoyer sans recourir \u00e0 des solvants nocifs.<\/p>\n<p>Finitions de qualit\u00e9<\/p>\n<p>Tout d&rsquo;abord, chacune de nos couleurs est disponible dans une gamme de finitions de peinture d\u2019int\u00e9rieur et d\u2019ext\u00e9rieur. Ensuite, chaque finition est test\u00e9e de mani\u00e8re rigoureuse pour garantir un fini durable et une profondeur de couleur exceptionnelle. Enfin, pour obtenir les meilleurs r\u00e9sultats, nous recommandons toujours d\u2019utiliser une Impression &amp; Sous-couche Farrow &amp; Ball. Voir plus haut pour trouver la tonalit\u00e9 de couleur exacte pour cette peinture.<\/p>\n","protected":false},"excerpt":{"rendered":"<h3>Un \u00e9l\u00e9gant vert cuivr\u00e9<\/h3>\n<p>Verdigris Green est un beau vert joyeux et dynamique qui cr\u00e9e une atmosph\u00e8re \u00e9l\u00e9gante et rassurante d\u00e9voilant toute sa vitalit\u00e9 lorsqu&rsquo;il est associ\u00e9 \u00e0 des teintes claires, tout en devenant plus subtil avec des couleurs plus sombres.<\/p>\n<p>Sous-couche recommand\u00e9e : <a href=\"https:\/\/www.sorainstyles.com\/boutique\/categorie-produit\/appret-sous-couches\/mid-tones\/\" target=\"_blank\" rel=\"noopener\">Mid Tones<\/a><\/p>\n","protected":false},"featured_media":14073,"template":"","meta":{"_acf_changed":false,"_et_pb_use_builder":"","_et_pb_old_content":"","_et_gb_content_width":""},"product_brand":[],"product_cat":[343,98,81,361,92],"product_tag":[406,371,366,362,437,350,438],"class_list":{"0":"post-1251","1":"product","2":"type-product","3":"status-publish","4":"has-post-thumbnail","6":"product_cat-archive","7":"product_cat-moyen","8":"product_cat-peintures-de-finition","9":"product_cat-transitoire","10":"product_cat-vert","11":"product_tag-couleur","12":"product_tag-farrow","13":"product_tag-farrowball","14":"product_tag-peinture","15":"product_tag-verdigris-green","16":"product_tag-vert","17":"product_tag-w50","19":"first","20":"instock","21":"taxable","22":"shipping-taxable","23":"purchasable","24":"product-type-variable"},"acf":[],"_links":{"self":[{"href":"https:\/\/www.sorainstyles.com\/boutique\/wp-json\/wp\/v2\/product\/1251","targetHints":{"allow":["GET"]}}],"collection":[{"href":"https:\/\/www.sorainstyles.com\/boutique\/wp-json\/wp\/v2\/product"}],"about":[{"href":"https:\/\/www.sorainstyles.com\/boutique\/wp-json\/wp\/v2\/types\/product"}],"wp:featuredmedia":[{"embeddable":true,"href":"https:\/\/www.sorainstyles.com\/boutique\/wp-json\/wp\/v2\/media\/14073"}],"wp:attachment":[{"href":"https:\/\/www.sorainstyles.com\/boutique\/wp-json\/wp\/v2\/media?parent=1251"}],"wp:term":[{"taxonomy":"product_brand","embeddable":true,"href":"https:\/\/www.sorainstyles.com\/boutique\/wp-json\/wp\/v2\/product_brand?post=1251"},{"taxonomy":"product_cat","embeddable":true,"href":"https:\/\/www.sorainstyles.com\/boutique\/wp-json\/wp\/v2\/product_cat?post=1251"},{"taxonomy":"product_tag","embeddable":true,"href":"https:\/\/www.sorainstyles.com\/boutique\/wp-json\/wp\/v2\/product_tag?post=1251"}],"curies":[{"name":"wp","href":"https:\/\/api.w.org\/{rel}","templated":true}]}}