{"id":1243,"date":"2021-12-07T18:05:56","date_gmt":"2021-12-07T17:05:56","guid":{"rendered":"https:\/\/www.sorainstyles.com\/boutique\/produit\/ash-grey-w9\/"},"modified":"2025-10-19T16:50:22","modified_gmt":"2025-10-19T14:50:22","slug":"ash-grey-w9","status":"publish","type":"product","link":"https:\/\/www.sorainstyles.com\/boutique\/produit\/ash-grey-w9\/","title":{"rendered":"Ash Grey W9"},"content":{"rendered":"<h1>Archive Collection : Ash Grey &#8211; No.W9 de chez Farrow &amp; Ball<\/h1>\n<h2>Un gris-vert apaisant<\/h2>\n<p>La teinte No.W9 &#8211; Ash Grey donne une <a href=\"https:\/\/www.cotemaison.fr\/inspirations\/diaporama\/interieur-zen-bien-etre-une-deco-pour-deconnecter_31187.html\" target=\"_blank\" rel=\"noopener\">atmosph\u00e8re relaxante<\/a> qui convient \u00e0 tous les espaces. Surtout quand il est combin\u00e9 avec du Skimmed Milk White, l\u00e9g\u00e8rement plus chaleureux, sur les boiseries. Pour un style encore plus moderne, essayez l\u2019association avec une bordure Snow White plus claire. Le vert sous-jacent de cette teinte donnera l\u2019impression d\u2019\u00eatre plus intens\u00e9ment color\u00e9e \u00e0 la lumi\u00e8re naturelle, et plus grise dans les zones peu lumineuses.<\/p>\n<p>Primer &amp; Undercoat recommand\u00e9e: <a href=\"https:\/\/www.sorainstyles.com\/boutique\/categorie-produit\/appret-sous-couches\/mid-tones\/\" target=\"_blank\" rel=\"noopener\">Mid Tones<\/a><\/p>\n<p>Blanc compl\u00e9mentaire : <a href=\"https:\/\/www.sorainstyles.com\/boutique\/produit\/snow-white-w1\/\" target=\"_blank\" rel=\"noopener\">Snow White<\/a><\/p>\n<h3>5 exemples d&rsquo;harmonies de couleurs avec la teinte Ash Grey &#8211; No.W9<\/h3>\n<ul>\n<li>Slipper Satin No.2004 &#8211; Off-White No.3<\/li>\n<li>School House White No.291 &#8211; Shaded White No.201<\/li>\n<li>Light Gray No.17 &#8211; Blue Gray No.91<\/li>\n<li>Sap Green No.W56 &#8211; Bancha No.298<\/li>\n<li>Snow White No.W1 &#8211; Imperial Purple No.W40<\/li>\n<\/ul>\n<h3>Information produit<\/h3>\n<h4>A base d&rsquo;eau et sans danger pour les enfants<\/h4>\n<p>En 2010, Farrow &amp; Ball a \u00e9t\u00e9 les premiers du secteur \u00e0 passer \u00e0 une gamme de finitions \u00e9labor\u00e9es enti\u00e8rement \u00e0 base d\u2019eau. En effet, ces finitions \u00e0 faible teneur en COV et pratiquement sans odeur sont faciles \u00e0 nettoyer sans recourir \u00e0 des solvants nocifs.<\/p>\n<h4>Finitions de qualit\u00e9<\/h4>\n<p>Tout d&rsquo;abord, chacune de nos couleurs est disponible dans une gamme de finitions de peinture d\u2019int\u00e9rieur et d\u2019ext\u00e9rieur. Ensuite, chaque finition est test\u00e9e de mani\u00e8re rigoureuse pour garantir un fini durable et une profondeur de couleur exceptionnelle. Enfin, pour obtenir les meilleurs r\u00e9sultats, nous recommandons toujours d\u2019utiliser une Impression &amp; Sous-couche Farrow &amp; Ball &#8211; voir plus haut pour trouver la tonalit\u00e9 de couleur exacte pour cette peinture.<\/p>\n","protected":false},"excerpt":{"rendered":"<h3>Un gris-vert apaisant<\/h3>\n<p>Ash Grey, avec ses sous-tonalit\u00e9s vertes, appara\u00eet plus intense \u00e0 la lumi\u00e8re naturelle et plus gris dans les zones peu \u00e9clair\u00e9es.<\/p>\n<p>Sous-couche recommand\u00e9e : <a href=\"https:\/\/www.sorainstyles.com\/boutique\/categorie-produit\/appret-sous-couches\/mid-tones\/\" target=\"_blank\" rel=\"noopener\">Mid Tones<\/a><\/p>\n","protected":false},"featured_media":14148,"template":"","meta":{"_acf_changed":false,"_et_pb_use_builder":"","_et_pb_old_content":"","_et_gb_content_width":""},"product_brand":[],"product_cat":[343,331,81,361,92],"product_tag":[429,406,371,366,362,350,430],"class_list":{"0":"post-1243","1":"product","2":"type-product","3":"status-publish","4":"has-post-thumbnail","6":"product_cat-archive","7":"product_cat-clair","8":"product_cat-peintures-de-finition","9":"product_cat-transitoire","10":"product_cat-vert","11":"product_tag-ash-grey","12":"product_tag-couleur","13":"product_tag-farrow","14":"product_tag-farrowball","15":"product_tag-peinture","16":"product_tag-vert","17":"product_tag-w9","19":"first","20":"instock","21":"taxable","22":"shipping-taxable","23":"purchasable","24":"product-type-variable"},"acf":[],"_links":{"self":[{"href":"https:\/\/www.sorainstyles.com\/boutique\/wp-json\/wp\/v2\/product\/1243","targetHints":{"allow":["GET"]}}],"collection":[{"href":"https:\/\/www.sorainstyles.com\/boutique\/wp-json\/wp\/v2\/product"}],"about":[{"href":"https:\/\/www.sorainstyles.com\/boutique\/wp-json\/wp\/v2\/types\/product"}],"wp:featuredmedia":[{"embeddable":true,"href":"https:\/\/www.sorainstyles.com\/boutique\/wp-json\/wp\/v2\/media\/14148"}],"wp:attachment":[{"href":"https:\/\/www.sorainstyles.com\/boutique\/wp-json\/wp\/v2\/media?parent=1243"}],"wp:term":[{"taxonomy":"product_brand","embeddable":true,"href":"https:\/\/www.sorainstyles.com\/boutique\/wp-json\/wp\/v2\/product_brand?post=1243"},{"taxonomy":"product_cat","embeddable":true,"href":"https:\/\/www.sorainstyles.com\/boutique\/wp-json\/wp\/v2\/product_cat?post=1243"},{"taxonomy":"product_tag","embeddable":true,"href":"https:\/\/www.sorainstyles.com\/boutique\/wp-json\/wp\/v2\/product_tag?post=1243"}],"curies":[{"name":"wp","href":"https:\/\/api.w.org\/{rel}","templated":true}]}}