{"id":1241,"date":"2021-12-07T18:05:55","date_gmt":"2021-12-07T17:05:55","guid":{"rendered":"https:\/\/www.sorainstyles.com\/boutique\/produit\/skimmed-milk-white-w7\/"},"modified":"2025-10-07T10:27:38","modified_gmt":"2025-10-07T08:27:38","slug":"skimmed-milk-white-w7","status":"publish","type":"product","link":"https:\/\/www.sorainstyles.com\/boutique\/produit\/skimmed-milk-white-w7\/","title":{"rendered":"Skimmed Milk White W7"},"content":{"rendered":"<h1>Archive Collection : Skimmed Milk White &#8211; No.W7 de chez Farrow &amp; Ball<\/h1>\n<h2>Un blanc cass\u00e9 en demi-teinte<\/h2>\n<p>La teinte No.W7 &#8211; Skimmed Milk White est un <a href=\"https:\/\/www.cotemaison.fr\/salle-a-manger-salon\/diaporama\/salon-blanc-photos-et-inspirations-pour-le-rendre-chaleureux_33895.html\" target=\"_blank\" rel=\"noopener\">blanc<\/a> cass\u00e9 en demi-teinte d\u2019une douceur extraordinaire. Son caract\u00e8re d\u00e9contract\u00e9 cr\u00e9e des pi\u00e8ces qui semblent avoir toujours eu cette m\u00eame teinte, qu\u2019elle soit utilis\u00e9e sur des boiseries \u00e0 c\u00f4t\u00e9 d\u2019un mur d\u2019une couleur plus forte ou sur des murs avec une bordure Snow White pour un aspect plus contemporain.<\/p>\n<p>Primer &amp; Undercoat recommand\u00e9e: <a href=\"https:\/\/www.sorainstyles.com\/boutique\/categorie-produit\/appret-sous-couches\/mid-tones\/\" target=\"_blank\" rel=\"noopener\">Mid Tones<\/a><\/p>\n<p>Blanc compl\u00e9mentaire : <a href=\"https:\/\/www.sorainstyles.com\/boutique\/produit\/snow-white-w1\/\" target=\"_blank\" rel=\"noopener\">Snow White<\/a><\/p>\n<h3>5 exemples d&rsquo;harmonies de couleurs avec la teinte Skimmed Milk White &#8211; No.W7<\/h3>\n<ul>\n<li>James White No.2010 &#8211; Lime White No.1<\/li>\n<li>Off-White No.3 &#8211; Light Gray No.17<\/li>\n<li>Blue Gray No.91 &#8211; Pigeon No.25<\/li>\n<li>French Gray No.18 &#8211; Treron No.292<\/li>\n<li>Broccoli Brown No.W108 &#8211; Snow White No.W1<\/li>\n<\/ul>\n<h3>Information produit<\/h3>\n<h4>A base d&rsquo;eau et sans danger pour les enfants<\/h4>\n<p>En 2010, Farrow &amp; Ball a \u00e9t\u00e9 les premiers du secteur \u00e0 passer \u00e0 une gamme de finitions \u00e9labor\u00e9es enti\u00e8rement \u00e0 base d\u2019eau. En effet, ces finitions \u00e0 faible teneur en COV et pratiquement sans odeur sont faciles \u00e0 nettoyer sans recourir \u00e0 des solvants nocifs.<\/p>\n<h4>Finitions de qualit\u00e9<\/h4>\n<p>Tout d&rsquo;abord, chacune de nos couleurs est disponible dans une gamme de finitions de peinture d\u2019int\u00e9rieur et d\u2019ext\u00e9rieur. Ensuite, chaque finition est test\u00e9e de mani\u00e8re rigoureuse pour garantir un fini durable et une profondeur de couleur exceptionnelle. Enfin, pour obtenir les meilleurs r\u00e9sultats, nous recommandons toujours d\u2019utiliser une Impression &amp; Sous-couche Farrow &amp; Ball &#8211; voir plus haut pour trouver la tonalit\u00e9 de couleur exacte pour cette peinture.<\/p>\n","protected":false},"excerpt":{"rendered":"<h3>Un blanc cass\u00e9 en demi-teinte<\/h3>\n<p>Skimmed Milk White est un blanc cass\u00e9 doux et subtil qui cr\u00e9e des pi\u00e8ces au caract\u00e8re intemporel.<\/p>\n<p>Sous-couche recommand\u00e9e : <a href=\"https:\/\/www.sorainstyles.com\/boutique\/categorie-produit\/appret-sous-couches\/mid-tones\/\" target=\"_blank\" rel=\"noopener\">Mid Tones<\/a><\/p>\n","protected":false},"featured_media":14159,"template":"","meta":{"_acf_changed":false,"_et_pb_use_builder":"","_et_pb_old_content":"","_et_gb_content_width":""},"product_brand":[],"product_cat":[343,331,329,81,361],"product_tag":[406,371,366,362,427,428],"class_list":{"0":"post-1241","1":"product","2":"type-product","3":"status-publish","4":"has-post-thumbnail","6":"product_cat-archive","7":"product_cat-clair","8":"product_cat-neutre","9":"product_cat-peintures-de-finition","10":"product_cat-transitoire","11":"product_tag-couleur","12":"product_tag-farrow","13":"product_tag-farrowball","14":"product_tag-peinture","15":"product_tag-skimmed-milk-white","16":"product_tag-w7","18":"first","19":"instock","20":"taxable","21":"shipping-taxable","22":"purchasable","23":"product-type-variable"},"acf":[],"_links":{"self":[{"href":"https:\/\/www.sorainstyles.com\/boutique\/wp-json\/wp\/v2\/product\/1241","targetHints":{"allow":["GET"]}}],"collection":[{"href":"https:\/\/www.sorainstyles.com\/boutique\/wp-json\/wp\/v2\/product"}],"about":[{"href":"https:\/\/www.sorainstyles.com\/boutique\/wp-json\/wp\/v2\/types\/product"}],"wp:featuredmedia":[{"embeddable":true,"href":"https:\/\/www.sorainstyles.com\/boutique\/wp-json\/wp\/v2\/media\/14159"}],"wp:attachment":[{"href":"https:\/\/www.sorainstyles.com\/boutique\/wp-json\/wp\/v2\/media?parent=1241"}],"wp:term":[{"taxonomy":"product_brand","embeddable":true,"href":"https:\/\/www.sorainstyles.com\/boutique\/wp-json\/wp\/v2\/product_brand?post=1241"},{"taxonomy":"product_cat","embeddable":true,"href":"https:\/\/www.sorainstyles.com\/boutique\/wp-json\/wp\/v2\/product_cat?post=1241"},{"taxonomy":"product_tag","embeddable":true,"href":"https:\/\/www.sorainstyles.com\/boutique\/wp-json\/wp\/v2\/product_tag?post=1241"}],"curies":[{"name":"wp","href":"https:\/\/api.w.org\/{rel}","templated":true}]}}