{"id":1239,"date":"2021-12-07T18:05:54","date_gmt":"2021-12-07T17:05:54","guid":{"rendered":"https:\/\/www.sorainstyles.com\/boutique\/produit\/orange-coloured-white-w5\/"},"modified":"2025-10-07T10:25:29","modified_gmt":"2025-10-07T08:25:29","slug":"orange-coloured-white-w5","status":"publish","type":"product","link":"https:\/\/www.sorainstyles.com\/boutique\/produit\/orange-coloured-white-w5\/","title":{"rendered":"Orange coloured White W5"},"content":{"rendered":"<h2>Archive Collection : Orange Coloured White No.W5 de chez Farrow &amp; Ball<\/h2>\n<h2>Un cr\u00e8me chaleureux avec une touche d\u2019orange<\/h2>\n<p>L\u2019ajout du l\u00e9ger soup\u00e7on de pigment rouge au neutre de la teinte No.W5 &#8211; Orange Coloured White, apporte une d\u00e9licate luminosit\u00e9 sans donner l\u2019impression d\u2019une couleur trop cr\u00e9meuse, cr\u00e9ant ainsi des pi\u00e8ces agr\u00e9ables et chaleureuses qui semblent rayonner.<\/p>\n<p>Primer &amp; Undercoat recommand\u00e9e: <a href=\"https:\/\/www.sorainstyles.com\/boutique\/categorie-produit\/appret-sous-couches\/white-and-light-tones\/\" target=\"_blank\" rel=\"noopener\">White and Light Tones<\/a><\/p>\n<p>Blanc compl\u00e9mentaire : Snow White<\/p>\n<h3>4 exemples d&rsquo;harmonies de couleurs avec la teinte Orange Coloured White &#8211; No.W5<\/h3>\n<ul>\n<li>Snow White No.W1 &#8211; Lime White No.1<\/li>\n<li>New White No.59 &#8211; Cord No.16<\/li>\n<li>Mouse&rsquo;s Back No.40 &#8211; Sap Green No.W56<\/li>\n<li>Duck Green No.W55 &#8211; Deep Reddish Brown No.W101<\/li>\n<\/ul>\n<h3>Information produit<\/h3>\n<p>A base d&rsquo;eau et sans danger pour les enfants<\/p>\n<p>En 2010, Farrow &amp; Ball a \u00e9t\u00e9 les premiers du secteur \u00e0 passer \u00e0 une gamme de finitions \u00e9labor\u00e9es enti\u00e8rement \u00e0 base d\u2019eau. En effet, ces finitions \u00e0 faible teneur en COV et pratiquement sans odeur sont faciles \u00e0 nettoyer sans recourir \u00e0 des solvants nocifs.<\/p>\n<p>Finitions de qualit\u00e9<\/p>\n<p>Tout d&rsquo;abord, chacune de nos couleurs est disponible dans une gamme de finitions de peinture d\u2019int\u00e9rieur et d\u2019ext\u00e9rieur. Ensuite, chaque finition est test\u00e9e de mani\u00e8re rigoureuse pour garantir un fini durable et une profondeur de couleur exceptionnelle. Enfin, pour obtenir les meilleurs r\u00e9sultats, nous recommandons toujours d\u2019utiliser une Impression &amp; Sous-couche Farrow &amp; Ball &#8211; voir plus haut pour trouver la tonalit\u00e9 de couleur exacte pour cette peinture.<\/p>\n","protected":false},"excerpt":{"rendered":"<h3>Un cr\u00e8me chaleureux avec une touche d\u2019orange<\/h3>\n<p>Orange Coloured White est un blanc cr\u00e8me frais et chaleureux, id\u00e9al pour les espaces orient\u00e9s au nord. Elle poss\u00e8de une l\u00e9g\u00e8re touche de pigment rouge qui ajoute une d\u00e9licate luminosit\u00e9 sans rendre la couleur trop cr\u00e9meuse, cr\u00e9ant ainsi des pi\u00e8ces accueillantes et lumineuses.<\/p>\n<p>Sous-couche recommand\u00e9e : <a href=\"https:\/\/www.sorainstyles.com\/boutique\/categorie-produit\/appret-sous-couches\/white-and-light-tones\/\" target=\"_blank\" rel=\"noopener\">White and Light Tones<\/a><\/p>\n","protected":false},"featured_media":14165,"template":"","meta":{"_acf_changed":false,"_et_pb_use_builder":"","_et_pb_old_content":"","_et_gb_content_width":""},"product_brand":[],"product_cat":[343,331,329,81,361],"product_tag":[406,371,415,425,362,426],"class_list":{"0":"post-1239","1":"product","2":"type-product","3":"status-publish","4":"has-post-thumbnail","6":"product_cat-archive","7":"product_cat-clair","8":"product_cat-neutre","9":"product_cat-peintures-de-finition","10":"product_cat-transitoire","11":"product_tag-couleur","12":"product_tag-farrow","13":"product_tag-farrow-ball","14":"product_tag-orange-colored-white","15":"product_tag-peinture","16":"product_tag-w5","18":"first","19":"instock","20":"taxable","21":"shipping-taxable","22":"purchasable","23":"product-type-variable"},"acf":[],"_links":{"self":[{"href":"https:\/\/www.sorainstyles.com\/boutique\/wp-json\/wp\/v2\/product\/1239","targetHints":{"allow":["GET"]}}],"collection":[{"href":"https:\/\/www.sorainstyles.com\/boutique\/wp-json\/wp\/v2\/product"}],"about":[{"href":"https:\/\/www.sorainstyles.com\/boutique\/wp-json\/wp\/v2\/types\/product"}],"wp:featuredmedia":[{"embeddable":true,"href":"https:\/\/www.sorainstyles.com\/boutique\/wp-json\/wp\/v2\/media\/14165"}],"wp:attachment":[{"href":"https:\/\/www.sorainstyles.com\/boutique\/wp-json\/wp\/v2\/media?parent=1239"}],"wp:term":[{"taxonomy":"product_brand","embeddable":true,"href":"https:\/\/www.sorainstyles.com\/boutique\/wp-json\/wp\/v2\/product_brand?post=1239"},{"taxonomy":"product_cat","embeddable":true,"href":"https:\/\/www.sorainstyles.com\/boutique\/wp-json\/wp\/v2\/product_cat?post=1239"},{"taxonomy":"product_tag","embeddable":true,"href":"https:\/\/www.sorainstyles.com\/boutique\/wp-json\/wp\/v2\/product_tag?post=1239"}],"curies":[{"name":"wp","href":"https:\/\/api.w.org\/{rel}","templated":true}]}}