{"id":1234,"date":"2021-12-07T18:00:44","date_gmt":"2021-12-07T17:00:44","guid":{"rendered":"https:\/\/www.sorainstyles.com\/boutique\/produit\/snow-white-w1\/"},"modified":"2025-10-07T10:22:47","modified_gmt":"2025-10-07T08:22:47","slug":"snow-white-w1","status":"publish","type":"product","link":"https:\/\/www.sorainstyles.com\/boutique\/produit\/snow-white-w1\/","title":{"rendered":"Snow White W1"},"content":{"rendered":"<h2>Archive Collection : Snow White &#8211; No.W1 de chez Farrow &amp; Ball<\/h2>\n<h2>Un orange doux et p\u00e2le<\/h2>\n<p>La teinte No.W1 &#8211; Snow White est une magnifique alternative au <a href=\"https:\/\/www.cotemaison.fr\/salle-a-manger-salon\/diaporama\/decoration-salon-vive-le-blanc_31148.html\" target=\"_blank\" rel=\"noopener\">blanc<\/a> pur. C&rsquo;est un blanc assez polyvalent pour pouvoir \u00eatre utilis\u00e9e sur les boiseries et les plafonds avec n\u2019importe quelle autre couleur. Le secret de son caract\u00e8re chaleureux et r\u00e9fl\u00e9chissant tient dans une petite touche de pigment jaune. La lumi\u00e8re se r\u00e9fl\u00e9chit sur toutes les surfaces, m\u00eame dans le plus sombre des espaces, cr\u00e9ant dans chaque pi\u00e8ce une ambiance d\u00e9tendue.<\/p>\n<p>Primer &amp; Undercoat recommand\u00e9e: <a href=\"https:\/\/www.sorainstyles.com\/boutique\/categorie-produit\/appret-sous-couches\/white-and-light-tones\/\" target=\"_blank\" rel=\"noopener\">White and Light Tones<\/a><\/p>\n<p>Blanc compl\u00e9mentaire : <a href=\"https:\/\/www.sorainstyles.com\/boutique\/produit\/skimmed-milk-white-w7\/\" target=\"_blank\" rel=\"noopener\">Skimmed Milk White<\/a><\/p>\n<h3>5 exemples d\u2019harmonies de couleurs avec la teinte Snow White \u2013 No.W1<\/h3>\n<ul>\n<li>Wimborne White No.239 &#8211; Matchstick No.2013<\/li>\n<li>New White No.59 &#8211; Orange Coloured White No.W5<\/li>\n<li>Light Gray No.17 &#8211; French Gray No.18<\/li>\n<li>Mouse&rsquo;s Back No.40 &#8211; Sap Green No.W56<\/li>\n<li>Sap Green No.W56 &#8211; Broccoli Brown No.W108<\/li>\n<\/ul>\n<h3>Information produit<\/h3>\n<p>A base d&rsquo;eau et sans danger pour les enfants<\/p>\n<p>En 2010, Farrow &amp; Ball a \u00e9t\u00e9 les premiers du secteur \u00e0 passer \u00e0 une gamme de finitions \u00e9labor\u00e9es enti\u00e8rement \u00e0 base d\u2019eau. En effet, ces finitions \u00e0 faible teneur en COV et pratiquement sans odeur sont faciles \u00e0 nettoyer sans recourir \u00e0 des solvants nocifs.<\/p>\n","protected":false},"excerpt":{"rendered":"<h3>Un blanc frais et d\u00e9licat<\/h3>\n<p>Snow White, avec sa touche subtile de pigment jaune, est une alternative chaleureuse au blanc pur. Cette couleur r\u00e9fl\u00e9chit la lumi\u00e8re m\u00eame dans les espaces les plus sombres pour une ambiance cocooning.<\/p>\n<p>Sous-couche recommand\u00e9e : <a href=\"https:\/\/www.sorainstyles.com\/boutique\/categorie-produit\/appret-sous-couches\/white-and-light-tones\/\" target=\"_blank\" rel=\"noopener\">White and Light Tones<\/a><\/p>\n","protected":false},"featured_media":14335,"template":"","meta":{"_acf_changed":false,"_et_pb_use_builder":"","_et_pb_old_content":"","_et_gb_content_width":""},"product_brand":[],"product_cat":[343,331,329,81,361],"product_tag":[406,371,366,362,421,423,424,422],"class_list":{"0":"post-1234","1":"product","2":"type-product","3":"status-publish","4":"has-post-thumbnail","6":"product_cat-archive","7":"product_cat-clair","8":"product_cat-neutre","9":"product_cat-peintures-de-finition","10":"product_cat-transitoire","11":"product_tag-couleur","12":"product_tag-farrow","13":"product_tag-farrowball","14":"product_tag-peinture","15":"product_tag-snow","16":"product_tag-snowwhite","17":"product_tag-w1","18":"product_tag-white","20":"first","21":"instock","22":"taxable","23":"shipping-taxable","24":"purchasable","25":"product-type-variable"},"acf":[],"_links":{"self":[{"href":"https:\/\/www.sorainstyles.com\/boutique\/wp-json\/wp\/v2\/product\/1234","targetHints":{"allow":["GET"]}}],"collection":[{"href":"https:\/\/www.sorainstyles.com\/boutique\/wp-json\/wp\/v2\/product"}],"about":[{"href":"https:\/\/www.sorainstyles.com\/boutique\/wp-json\/wp\/v2\/types\/product"}],"wp:featuredmedia":[{"embeddable":true,"href":"https:\/\/www.sorainstyles.com\/boutique\/wp-json\/wp\/v2\/media\/14335"}],"wp:attachment":[{"href":"https:\/\/www.sorainstyles.com\/boutique\/wp-json\/wp\/v2\/media?parent=1234"}],"wp:term":[{"taxonomy":"product_brand","embeddable":true,"href":"https:\/\/www.sorainstyles.com\/boutique\/wp-json\/wp\/v2\/product_brand?post=1234"},{"taxonomy":"product_cat","embeddable":true,"href":"https:\/\/www.sorainstyles.com\/boutique\/wp-json\/wp\/v2\/product_cat?post=1234"},{"taxonomy":"product_tag","embeddable":true,"href":"https:\/\/www.sorainstyles.com\/boutique\/wp-json\/wp\/v2\/product_tag?post=1234"}],"curies":[{"name":"wp","href":"https:\/\/api.w.org\/{rel}","templated":true}]}}