{"id":10040,"date":"2023-09-05T11:03:32","date_gmt":"2023-09-05T09:03:32","guid":{"rendered":"https:\/\/www.sorainstyles.com\/boutique\/?post_type=product&#038;p=10040"},"modified":"2025-10-03T09:02:10","modified_gmt":"2025-10-03T07:02:10","slug":"cardamom-cb5","status":"publish","type":"product","link":"https:\/\/www.sorainstyles.com\/boutique\/produit\/cardamom-cb5\/","title":{"rendered":"CB5 Cardamom"},"content":{"rendered":"<h2>Cardamom No.CB5 de chez Farrow &amp; Ball<\/h2>\n<h2>Un brun riche<\/h2>\n<div class=\"ui-textMD2\">\n<p>La teinte No.CB5 &#8211; Cardamom est un <a href=\"https:\/\/www.lejournaldelamaison.fr\/le-journal-de-la-maison\/nouveautes\/tendances\/facons-dadopter-marron-deco-296443.html#item=1\" target=\"_blank\" rel=\"noopener\">brun<\/a> riche. Il est inspir\u00e9 par l&rsquo;\u00e9pice chaleureuse et polyvalente utilis\u00e9e dans des plats du monde entier.<\/p>\n<p>Primer &amp; Undercoat recommand\u00e9e : <a href=\"https:\/\/www.sorainstyles.com\/boutique\/impressions-sous-couches-farrow-ball\/\" target=\"_blank\" rel=\"noopener\">Dark Tones<\/a><\/p>\n<p>Quand on veut des couleurs sombres, plus c\u2019est fonc\u00e9, mieux c\u2019est. Ainsi, pour un fini irr\u00e9sistible, associez les nuances fonc\u00e9es \u00e0 notre Dark Tones Primer &amp; Undercoat. La combinaison de cet appr\u00eat bas\u00e9 sur la couleur de Down Pipe avec votre couche de finition cr\u00e9e une richesse in\u00e9gal\u00e9e et fait toute la diff\u00e9rence.<\/p>\n<p>Fabriqu\u00e9s avec les m\u00eames ingr\u00e9dients naturels et pigments que nos couches de finition, nos appr\u00eats &amp; sous-couches constituent la base essentielle pour cr\u00e9er une finition uniforme et durable<\/p>\n<p>Blanc compl\u00e9mentaire :\u00a0<a href=\"https:\/\/www.sorainstyles.com\/boutique\/produit\/au-lait-no-cb9\/\" target=\"_blank\" rel=\"noopener\">Au lait<\/a><\/p>\n<h3>3 exemples d&rsquo;harmonies de couleurs avec la teinte Cardamom &#8211; No. CB5<\/h3>\n<ul>\n<li>Hog Plum No.CB1 &#8211; Wimborne White No.239<\/li>\n<li>London Stone No.6 &#8211; Stirabout No.300<\/li>\n<li>Romesco No.CB4 &#8211; Sardine No.CB8<\/li>\n<\/ul>\n<h3>Information produit<\/h3>\n<h4>A base d&rsquo;eau et sans danger pour les enfants<\/h4>\n<p>En 2010, Farrow &amp; Ball a \u00e9t\u00e9 les premiers du secteur \u00e0 passer \u00e0 une gamme de finitions \u00e9labor\u00e9es enti\u00e8rement \u00e0 base d\u2019eau. D&rsquo;ailleurs, ces finitions \u00e0 faible teneur en COV et pratiquement sans odeur sont faciles \u00e0 nettoyer sans recourir \u00e0 des solvants nocifs.<\/p>\n<h4>Finitions de qualit\u00e9<\/h4>\n<p>Tout d&rsquo;abord, chacune de nos couleurs est disponible dans une gamme de finitions de peinture d\u2019int\u00e9rieur et d\u2019ext\u00e9rieur. Ensuite, chaque finition est test\u00e9e de mani\u00e8re rigoureuse pour garantir un fini durable et une profondeur de couleur exceptionnelle. Par ailleurs, pour obtenir les meilleurs r\u00e9sultats, nous recommandons toujours d\u2019utiliser une Impression &amp; Sous-couche Farrow &amp; Ball &#8211; voir plus haut pour trouver la tonalit\u00e9 de couleur exacte pour cette peinture<\/p>\n<\/div>\n","protected":false},"excerpt":{"rendered":"<h3>Un marron chic<\/h3>\n<p>Ce brun riche cr\u00e9e une ambiance accueillante et cosy, apportant une sensation de confort. Cette couleur rappelle des \u00e9l\u00e9ments naturels, ce qui peut renforcer une connexion avec l&rsquo;ext\u00e9rieur.<\/p>\n","protected":false},"featured_media":15158,"template":"","meta":{"_acf_changed":false,"_et_pb_use_builder":"","_et_pb_old_content":"","_et_gb_content_width":""},"product_brand":[],"product_cat":[823,341,96],"product_tag":[809,808,406,371,366,362],"class_list":{"0":"post-10040","1":"product","2":"type-product","3":"status-publish","4":"has-post-thumbnail","6":"product_cat-carte-blanche","7":"product_cat-fonce-luminosite","8":"product_cat-fonce","9":"product_tag-cardamom","10":"product_tag-cb5","11":"product_tag-couleur","12":"product_tag-farrow","13":"product_tag-farrowball","14":"product_tag-peinture","16":"first","17":"instock","18":"taxable","19":"shipping-taxable","20":"purchasable","21":"product-type-variable"},"acf":[],"_links":{"self":[{"href":"https:\/\/www.sorainstyles.com\/boutique\/wp-json\/wp\/v2\/product\/10040","targetHints":{"allow":["GET"]}}],"collection":[{"href":"https:\/\/www.sorainstyles.com\/boutique\/wp-json\/wp\/v2\/product"}],"about":[{"href":"https:\/\/www.sorainstyles.com\/boutique\/wp-json\/wp\/v2\/types\/product"}],"wp:featuredmedia":[{"embeddable":true,"href":"https:\/\/www.sorainstyles.com\/boutique\/wp-json\/wp\/v2\/media\/15158"}],"wp:attachment":[{"href":"https:\/\/www.sorainstyles.com\/boutique\/wp-json\/wp\/v2\/media?parent=10040"}],"wp:term":[{"taxonomy":"product_brand","embeddable":true,"href":"https:\/\/www.sorainstyles.com\/boutique\/wp-json\/wp\/v2\/product_brand?post=10040"},{"taxonomy":"product_cat","embeddable":true,"href":"https:\/\/www.sorainstyles.com\/boutique\/wp-json\/wp\/v2\/product_cat?post=10040"},{"taxonomy":"product_tag","embeddable":true,"href":"https:\/\/www.sorainstyles.com\/boutique\/wp-json\/wp\/v2\/product_tag?post=10040"}],"curies":[{"name":"wp","href":"https:\/\/api.w.org\/{rel}","templated":true}]}}