{"id":10012,"date":"2023-09-05T10:56:46","date_gmt":"2023-09-05T08:56:46","guid":{"rendered":"https:\/\/www.sorainstyles.com\/boutique\/?post_type=product&#038;p=10012"},"modified":"2025-09-30T15:11:14","modified_gmt":"2025-09-30T13:11:14","slug":"pea-flower-tea-no-cb12","status":"publish","type":"product","link":"https:\/\/www.sorainstyles.com\/boutique\/produit\/pea-flower-tea-no-cb12\/","title":{"rendered":"CB12 Pea Flower Tea"},"content":{"rendered":"<h2>Pea Flower Tea No.CB12 de chez Farrow &amp; Ball<\/h2>\n<h2>Un bleu vif<\/h2>\n<div class=\"ui-textMD2\">\n<p>La teinte No.CB12 &#8211; Pea Flower Tea est un <a href=\"https:\/\/www.maisonsdumonde.com\/FR\/fr\/e\/article\/idees-deco-chambre-bleue\" target=\"_blank\" rel=\"noopener\">bleu<\/a> vif. Cette couleur tire son nom de la boisson aux couleurs vives cr\u00e9\u00e9e en infusant des p\u00e9tales de fleurs de pois papillon.<\/p>\n<p>Primer &amp; Undercoat recommand\u00e9e : <a href=\"https:\/\/www.sorainstyles.com\/boutique\/categorie-produit\/appret-sous-couches\/\" target=\"_blank\" rel=\"noopener\">Dark Tones<\/a><\/p>\n<p>Blanc compl\u00e9mentaire :\u00a0<a href=\"https:\/\/www.sorainstyles.com\/boutique\/produit\/au-lait-no-cb9\/\" target=\"_blank\" rel=\"noopener\">Au lait<\/a><\/p>\n<h3>3 exemples d&rsquo;harmonies de couleurs avec la teinte Pea Flower &#8211; No. CB12<\/h3>\n<ul>\n<li>Charlotte&rsquo;s Locks No.268 &#8211; Off-Black No.57<\/li>\n<li>Blue Maize No.CB11 &#8211; Cabbage White No.269<\/li>\n<li>Raw Tomatillo No.CB6 &#8211; All White No.2005<\/li>\n<\/ul>\n<h3>Information produit<\/h3>\n<h4>A base d&rsquo;eau et sans danger pour les enfants<\/h4>\n<p>En 2010, Farrow &amp; Ball a \u00e9t\u00e9 les premiers du secteur \u00e0 passer \u00e0 une gamme de finitions \u00e9labor\u00e9es enti\u00e8rement \u00e0 base d\u2019eau. D&rsquo;ailleurs, ces finitions \u00e0 faible teneur en COV et pratiquement sans odeur sont faciles \u00e0 nettoyer sans recourir \u00e0 des solvants nocifs.<\/p>\n<h4>Finitions de qualit\u00e9<\/h4>\n<p>Tout d&rsquo;abord, chacune de nos couleurs est disponible dans une gamme de finitions de peinture d\u2019int\u00e9rieur et d\u2019ext\u00e9rieur. Ensuite, chaque finition est test\u00e9e de mani\u00e8re rigoureuse pour garantir un fini durable et une profondeur de couleur exceptionnelle. Par ailleurs, pour obtenir les meilleurs r\u00e9sultats, nous recommandons toujours d\u2019utiliser une Impression &amp; Sous-couche Farrow &amp; Ball &#8211; voir plus haut pour trouver la tonalit\u00e9 de couleur exacte pour cette peinture<\/p>\n<\/div>\n","protected":false},"excerpt":{"rendered":"<h3>Un bleu vif et franc<\/h3>\n<p>Bien qu\u2019il soit \u00e9clatant, c\u2019est une couleur qui peut \u00eatre utilis\u00e9 de mani\u00e8re \u00e9quilibr\u00e9e dans diff\u00e9rents styles de d\u00e9coration en contraste avec diff\u00e9rentes couleurs : du neutre, des teintes vives ou encore des mat\u00e9riaux naturels.<\/p>\n","protected":false},"featured_media":15090,"template":"","meta":{"_acf_changed":false,"_et_pb_use_builder":"","_et_pb_old_content":"","_et_gb_content_width":""},"product_brand":[],"product_cat":[823,330,196],"product_tag":[822,406,371,366,821,362],"class_list":{"0":"post-10012","1":"product","2":"type-product","3":"status-publish","4":"has-post-thumbnail","6":"product_cat-carte-blanche","7":"product_cat-bleu","8":"product_cat-intense","9":"product_tag-cb12","10":"product_tag-couleur","11":"product_tag-farrow","12":"product_tag-farrowball","13":"product_tag-peaflowertea","14":"product_tag-peinture","16":"first","17":"instock","18":"taxable","19":"shipping-taxable","20":"purchasable","21":"product-type-variable"},"acf":[],"_links":{"self":[{"href":"https:\/\/www.sorainstyles.com\/boutique\/wp-json\/wp\/v2\/product\/10012","targetHints":{"allow":["GET"]}}],"collection":[{"href":"https:\/\/www.sorainstyles.com\/boutique\/wp-json\/wp\/v2\/product"}],"about":[{"href":"https:\/\/www.sorainstyles.com\/boutique\/wp-json\/wp\/v2\/types\/product"}],"wp:featuredmedia":[{"embeddable":true,"href":"https:\/\/www.sorainstyles.com\/boutique\/wp-json\/wp\/v2\/media\/15090"}],"wp:attachment":[{"href":"https:\/\/www.sorainstyles.com\/boutique\/wp-json\/wp\/v2\/media?parent=10012"}],"wp:term":[{"taxonomy":"product_brand","embeddable":true,"href":"https:\/\/www.sorainstyles.com\/boutique\/wp-json\/wp\/v2\/product_brand?post=10012"},{"taxonomy":"product_cat","embeddable":true,"href":"https:\/\/www.sorainstyles.com\/boutique\/wp-json\/wp\/v2\/product_cat?post=10012"},{"taxonomy":"product_tag","embeddable":true,"href":"https:\/\/www.sorainstyles.com\/boutique\/wp-json\/wp\/v2\/product_tag?post=10012"}],"curies":[{"name":"wp","href":"https:\/\/api.w.org\/{rel}","templated":true}]}}