{"id":549,"date":"2021-05-25T18:35:30","date_gmt":"2021-05-25T16:35:30","guid":{"rendered":"https:\/\/www.sorainstyles.com\/boutique\/?page_id=549"},"modified":"2022-01-09T19:05:23","modified_gmt":"2022-01-09T18:05:23","slug":"mentions-legales","status":"publish","type":"page","link":"https:\/\/www.sorainstyles.com\/boutique\/mentions-legales\/","title":{"rendered":"Mentions l\u00e9gales"},"content":{"rendered":"<p>[et_pb_section fb_built=\u00a0\u00bb1&Prime; _builder_version=\u00a0\u00bb4.9.4&Prime; _module_preset=\u00a0\u00bbdefault\u00a0\u00bb global_colors_info=\u00a0\u00bb{}\u00a0\u00bb][et_pb_row _builder_version=\u00a0\u00bb4.9.4&Prime; _module_preset=\u00a0\u00bbdefault\u00a0\u00bb global_colors_info=\u00a0\u00bb{}\u00a0\u00bb][et_pb_column type=\u00a0\u00bb4_4&Prime; _builder_version=\u00a0\u00bb4.9.4&Prime; _module_preset=\u00a0\u00bbdefault\u00a0\u00bb global_colors_info=\u00a0\u00bb{}\u00a0\u00bb][et_pb_text _builder_version=\u00a0\u00bb4.9.4&Prime; _module_preset=\u00a0\u00bbdefault\u00a0\u00bb text_font=\u00a0\u00bbQuicksand|300|||||||\u00a0\u00bb text_text_color=\u00a0\u00bb#000000&Prime; text_font_size=\u00a0\u00bb17px\u00a0\u00bb header_font=\u00a0\u00bbPrata||||||||\u00a0\u00bb header_font_size=\u00a0\u00bb31px\u00a0\u00bb header_line_height=\u00a0\u00bb1.6em\u00a0\u00bb header_2_font=\u00a0\u00bbKristi||||||||\u00a0\u00bb header_2_text_color=\u00a0\u00bb#B3A28E\u00a0\u00bb header_2_font_size=\u00a0\u00bb72px\u00a0\u00bb header_2_line_height=\u00a0\u00bb1.8em\u00a0\u00bb custom_margin=\u00a0\u00bb||0px||false|false\u00a0\u00bb custom_padding=\u00a0\u00bb||||false|false\u00a0\u00bb global_colors_info=\u00a0\u00bb{}\u00a0\u00bb]<\/p>\n<h1>\u00a0Mentions l\u00e9gales<\/h1>\n<h2>1 \u2013 INFORMATIONS EDITEUR<\/h2>\n<p>Ce site est la propri\u00e9t\u00e9 de SO STYLES, SAS au capital de 7 500 \u20ac enregistr\u00e9e au RCS de BORDEAUX sous le num\u00e9ro 802\u00a0668\u00a0475 et au r\u00e9pertoire des m\u00e9tiers sous le num\u00e9ro 802\u00a0668\u00a0475 RM 033.<\/p>\n<p>SO STYLES<\/p>\n<p>23, rue CHABRY<br \/>33 000 BORDEAUX<\/p>\n<p><strong>T\u00e9l\u00e9phone :<\/strong>\u00a005 56 51 01 65 <strong>E-mail :<\/strong> <a href=\"mailto:contact@sorainstyles.com\">contact@sorainstyles.com<\/a><\/p>\n<p><strong>Directeur de la publication :<\/strong> Yves SORAIN<\/p>\n<h2>2 \u2013 H\u00c9BERGEMENT \u2013 S\u00c9CURIT\u00c9 \u2013 FONCTIONNEMENT<\/h2>\n<p>Le site est h\u00e9berg\u00e9 par la soci\u00e9t\u00e9 OVH. L\u2019utilisateur du pr\u00e9sent site reconna\u00eet disposer de la comp\u00e9tence, des moyens n\u00e9cessaires pour acc\u00e9der et utiliser ce site et avoir v\u00e9rifi\u00e9 que la configuration informatique utilis\u00e9e ne contient aucun virus et qu\u2019elle est en parfait \u00e9tat de fonctionnement.<\/p>\n<p>L\u2019utilisateur reconna\u00eet avoir \u00e9t\u00e9 inform\u00e9 que le pr\u00e9sent site est accessible 24 heures sur 24 et 7 jours sur 7, \u00e0 l\u2019exception des cas de force majeure, difficult\u00e9s informatiques, difficult\u00e9s li\u00e9es \u00e0 la structure des r\u00e9seaux de communications ou difficult\u00e9s techniques.<\/p>\n<p>Le contenu de ce site Internet peut comporter des inexactitudes ou omissions, ce contenu est susceptible d\u2019\u00eatre modifi\u00e9 ou mis \u00e0 jour dans de brefs d\u00e9lais.<br \/>Malgr\u00e9 tous les soins apport\u00e9s \u00e0 la r\u00e9alisation de ce site et \u00e0 son actualisation r\u00e9guli\u00e8re, des erreurs peuvent s\u2019\u00eatre gliss\u00e9es dans les informations et\/ou documents pr\u00e9sent\u00e9s. Les informations disponibles dans ce site sont fournies \u00e0 titre indicatif, et sont non contractuelles. A ce titre, la soci\u00e9t\u00e9 <strong>SO STYLES<\/strong> ne saurait supporter aucune demande de d\u00e9dommagement pour pr\u00e9judice direct ou indirect subi par l\u2019internaute \u00e0 la suite de la consultation des informations contenues dans ce site.<\/p>\n<p>Pour des raisons de maintenance, la soci\u00e9t\u00e9 <strong>SO STYLES<\/strong> pourra interrompre le site \u00e0 tout moment. La soci\u00e9t\u00e9 <strong>SO STYLES<\/strong> met tout en \u0153uvre pour offrir aux utilisateurs des informations et outils disponibles et v\u00e9rifi\u00e9s, mais ne saurait \u00eatre tenue pour responsable des erreurs, d\u2019une absence de disponibilit\u00e9 des informations ou de la pr\u00e9sence de virus sur le site.<\/p>\n<h2>3 \u2013 DROITS DE PROPRI\u00c9T\u00c9 INTELLECTUELLE<\/h2>\n<p>Tous les textes, commentaires, ouvrages, illustration et images reproduits sur le site <a href=\"https:\/\/www.sorainstyles.com\/\/\">https:\/\/www.sorainstyles.com\/\/<\/a> sont la propri\u00e9t\u00e9 de la soci\u00e9t\u00e9 SO STYLES ou de ces ayants droits et sont soumis aux droits d\u2019auteur et sont reproductibles uniquement \u00e0 usage priv\u00e9. Les droits reconnus aux auteurs ou aux titulaires de droits voisins par le Code de la Propri\u00e9t\u00e9 Intellectuelle sont r\u00e9serv\u00e9s.<\/p>\n<p>&nbsp;<\/p>\n<p>L\u2019ensemble de ce site rel\u00e8ve de la l\u00e9gislation fran\u00e7aise et internationale sur le droit d\u2019auteur et la propri\u00e9t\u00e9 intellectuelle. Il en est de m\u00eame des bases de donn\u00e9es figurant sur le site web, qui sont prot\u00e9g\u00e9es par les dispositions de la loi du 1er juillet 1998 portant transposition dans le Code de la propri\u00e9t\u00e9 intellectuelle (article L112-3) de la directive europ\u00e9enne du 11 mars 1996 relative \u00e0 la protection juridique des bases de donn\u00e9es, et dont la soci\u00e9t\u00e9 SO STYLES est productrice.<\/p>\n<p>&nbsp;<\/p>\n<h2>4 \u2013 UTILISATION DES COOKIES<\/h2>\n<p>En poursuivant votre navigation sur ce site, vous acceptez l\u2019utilisation de traceurs (cookies) afin de r\u00e9aliser des statistiques anonymes de visites.<\/p>\n<p>Pour en savoir plus et param\u00e9trer les traceurs, cliquez sur le lien du bandeau cookies qui apparait en bas du site.<\/p>\n<p>&nbsp;<\/p>\n<p>&nbsp;<\/p>\n<p><strong>Cr\u00e9dit photo :<\/strong> SO STYLES<br \/><strong>Cr\u00e9ation du site internet: <\/strong>AEL<br \/><strong>H\u00e9bergement : <\/strong>OVH<\/p>\n<p>&nbsp;<\/p>\n<p>[\/et_pb_text][\/et_pb_column][\/et_pb_row][\/et_pb_section]<\/p>\n","protected":false},"excerpt":{"rendered":"<p>\u00a0Mentions l\u00e9gales 1 \u2013 INFORMATIONS EDITEUR Ce site est la propri\u00e9t\u00e9 de SO STYLES, SAS au capital de 7 500 \u20ac enregistr\u00e9e au RCS de BORDEAUX sous le num\u00e9ro 802\u00a0668\u00a0475 et au r\u00e9pertoire des m\u00e9tiers sous le num\u00e9ro 802\u00a0668\u00a0475 RM 033. SO STYLES 23, rue CHABRY33 000 BORDEAUX T\u00e9l\u00e9phone :\u00a005 56 51 01 65 E-mail [&hellip;]<\/p>\n","protected":false},"author":1,"featured_media":0,"parent":0,"menu_order":0,"comment_status":"closed","ping_status":"closed","template":"","meta":{"_acf_changed":false,"_et_pb_use_builder":"on","_et_pb_old_content":"","_et_gb_content_width":"","footnotes":""},"class_list":["post-549","page","type-page","status-publish","hentry"],"acf":[],"_links":{"self":[{"href":"https:\/\/www.sorainstyles.com\/boutique\/wp-json\/wp\/v2\/pages\/549","targetHints":{"allow":["GET"]}}],"collection":[{"href":"https:\/\/www.sorainstyles.com\/boutique\/wp-json\/wp\/v2\/pages"}],"about":[{"href":"https:\/\/www.sorainstyles.com\/boutique\/wp-json\/wp\/v2\/types\/page"}],"author":[{"embeddable":true,"href":"https:\/\/www.sorainstyles.com\/boutique\/wp-json\/wp\/v2\/users\/1"}],"replies":[{"embeddable":true,"href":"https:\/\/www.sorainstyles.com\/boutique\/wp-json\/wp\/v2\/comments?post=549"}],"version-history":[{"count":0,"href":"https:\/\/www.sorainstyles.com\/boutique\/wp-json\/wp\/v2\/pages\/549\/revisions"}],"wp:attachment":[{"href":"https:\/\/www.sorainstyles.com\/boutique\/wp-json\/wp\/v2\/media?parent=549"}],"curies":[{"name":"wp","href":"https:\/\/api.w.org\/{rel}","templated":true}]}}